{"id":2863,"date":"2021-04-12T13:57:53","date_gmt":"2021-04-12T13:57:53","guid":{"rendered":"http:\/\/vzwtolbo.be\/?page_id=2863"},"modified":"2022-01-06T04:46:05","modified_gmt":"2022-01-06T04:46:05","slug":"etudes","status":"publish","type":"page","link":"https:\/\/vzwtolbo.be\/fr\/studies\/","title":{"rendered":"\u00c9tudes"},"content":{"rendered":"<div data-elementor-type=\"wp-page\" data-elementor-id=\"2863\" class=\"elementor elementor-2863\" data-elementor-post-type=\"page\">\n\t\t\t\t\t\t<section class=\"elementor-section elementor-top-section elementor-element elementor-element-b4ac31c elementor-section-height-min-height elementor-section-boxed elementor-section-height-default elementor-section-items-middle\" data-id=\"b4ac31c\" data-element_type=\"section\" data-settings=\"{&quot;background_background&quot;:&quot;classic&quot;}\">\n\t\t\t\t\t\t<div class=\"elementor-container elementor-column-gap-wide\">\n\t\t\t\t\t<div class=\"elementor-column elementor-col-100 elementor-top-column elementor-element elementor-element-6577e86\" data-id=\"6577e86\" data-element_type=\"column\">\n\t\t\t<div class=\"elementor-widget-wrap elementor-element-populated\">\n\t\t\t\t\t\t<div class=\"elementor-element elementor-element-c833643 elementor-widget elementor-widget-heading\" data-id=\"c833643\" data-element_type=\"widget\" data-widget_type=\"heading.default\">\n\t\t\t\t<div class=\"elementor-widget-container\">\n\t\t\t\t\t<h1 class=\"elementor-heading-title elementor-size-default\">\u00c9tudes et enqu\u00eates<\/h1>\t\t\t\t<\/div>\n\t\t\t\t<\/div>\n\t\t\t\t<div class=\"elementor-element elementor-element-ea6c048 elementor-widget elementor-widget-text-editor\" data-id=\"ea6c048\" data-element_type=\"widget\" data-widget_type=\"text-editor.default\">\n\t\t\t\t<div class=\"elementor-widget-container\">\n\t\t\t\t\t\t\t\t\t<p>Afin d\u2019illustrer l\u2019importance des diff\u00e9rentes facettes de l\u2019accessibilit\u00e9, nous coop\u00e9rons avec diverses universit\u00e9s et \u00e9coles sup\u00e9rieures depuis notre cr\u00e9ation. Sur cette page, vous trouverez une reproduction des diff\u00e9rents rapports de recherche qui ont \u00e9t\u00e9 remis ces derni\u00e8res ann\u00e9es par des \u00e9tudiants d\u2019horizons tr\u00e8s diff\u00e9rents. Il va sans dire que nous voulons poursuivre cette approche, en gardant \u00e0 l\u2019esprit le dicton \u00ab\u00a0qui a la jeunesse, a l\u2019avenir\u00a0\u00bb.<\/p><p>Jusqu\u2019\u00e0 pr\u00e9sent, les \u00e9tudes ont toujours \u00e9t\u00e9 r\u00e9alis\u00e9es par des \u00e9tudiants n\u00e9erlandophones dans des universit\u00e9s et \u00e9coles sup\u00e9rieures n\u00e9erlandophones. Les documents sont donc uniquement disponibles en n\u00e9erlandais.<\/p>\t\t\t\t\t\t\t\t<\/div>\n\t\t\t\t<\/div>\n\t\t\t\t\t<\/div>\n\t\t<\/div>\n\t\t\t\t\t<\/div>\n\t\t<\/section>\n\t\t\t\t<section class=\"elementor-section elementor-top-section elementor-element elementor-element-b47da70 elementor-section-boxed elementor-section-height-default elementor-section-height-default\" data-id=\"b47da70\" data-element_type=\"section\">\n\t\t\t\t\t\t<div class=\"elementor-container elementor-column-gap-wide\">\n\t\t\t\t\t<div class=\"elementor-column elementor-col-100 elementor-top-column elementor-element elementor-element-8ebae42\" data-id=\"8ebae42\" data-element_type=\"column\">\n\t\t\t<div class=\"elementor-widget-wrap elementor-element-populated\">\n\t\t\t\t\t\t<div class=\"elementor-element elementor-element-f423679 elementor-widget elementor-widget-text-editor\" data-id=\"f423679\" data-element_type=\"widget\" data-widget_type=\"text-editor.default\">\n\t\t\t\t<div class=\"elementor-widget-container\">\n\t\t\t\t\t\t\t\t\t<ul><li><a href=\"\/wp-content\/uploads\/2021\/11\/projectmvoa.pdf\">Inclusiebeleid van Vlaamse Gemeenten (PDF)<\/a><a title=\"ProjectMVOA\" href=\"https:\/\/vzwtolbo.be\/fr\/media\/images\/upload\/ProjectMVOA.pdf\/\" target=\"_blank\" rel=\"noopener\"><br \/><\/a>\u00c9tude r\u00e9alis\u00e9e par les ing\u00e9nieurs commerciaux de l'Universit\u00e9 d'Anvers dans le cadre du projet RSE<\/li><li><a href=\"\/wp-content\/uploads\/2021\/11\/mvo1819-tolbo-rapport.pdf\">Toegankelijkheid in de samenleving: resultaten (PDF)<\/a><br \/>\u00c9tude r\u00e9alis\u00e9e par les ing\u00e9nieurs commerciaux de l'Universit\u00e9 d'Anvers dans le cadre du projet RSE<\/li><li><a href=\"\/wp-content\/uploads\/2021\/11\/poster-tolbo-websites.pdf\">Affiche: Inclusiebeleid van Vlaamse Gemeenten (PDF)<\/a><a title=\"Poster-Tolbo-websites\" href=\"https:\/\/vzwtolbo.be\/fr\/media\/images\/upload\/Poster-Tolbo-websites.pdf\/\" target=\"_blank\" rel=\"noopener\"><br \/><\/a>Affiche compl\u00e9mentaire de l'\u00e9tude r\u00e9alis\u00e9e par les ing\u00e9nieurs commerciaux de l'Universit\u00e9 d'Anvers dans le cadre du projet RSE<\/li><li><a href=\"\/wp-content\/uploads\/2021\/11\/toegankelijkheid-van-lokale-besturen-voor-mensen-met-een-beperking-versie-14-5.pdf\">Toegankelijkheid van lokale besturen voor mensen met een beperking (PDF)<\/a><\/li><li><a href=\"\/wp-content\/uploads\/2021\/11\/finaal-rapport-tolbo-vzw.pdf\">De economische meerwaarde van een integraal toegankelijke samenleving (PDF)<\/a><br \/>Affiche compl\u00e9mentaire de l'\u00e9tude r\u00e9alis\u00e9e par les ing\u00e9nieurs commerciaux de l'Universit\u00e9 d'Anvers dans le cadre du projet RSE<\/li><li><a href=\"\/wp-content\/uploads\/2021\/11\/projectmvoa.pdf\">Inclusiebeleid van Vlaamse Gemeenten (PDF)<\/a><a title=\"ProjectMVOA\" href=\"https:\/\/vzwtolbo.be\/fr\/media\/images\/upload\/ProjectMVOA.pdf\/\" target=\"_blank\" rel=\"noopener\"><br \/><\/a>\u00c9tude r\u00e9alis\u00e9e par les ing\u00e9nieurs commerciaux de l'Universit\u00e9 d'Anvers dans le cadre du projet RSE<\/li><li><a href=\"\/wp-content\/uploads\/2021\/12\/PROJECT15_20152016_Toegankelijkheid-een-en-en-verhaal-waar-iedereen-baat....pdf\">Toegankelijkheid een &#8216;en-en-verhaal&#8217; waar iedereen baat bij heeft (PDF)<\/a>\u00a0<br \/>Projet de Bachelor Lam Pui | Artesis Plantijn Hogeschool Antwerpen<\/li><li><a href=\"https:\/\/vzwtolbo.be\/wp-content\/uploads\/2022\/01\/MVO1819_Tolbo_Rapport.pdf\">Toegankelijkheid in de samenleving: resultaten (PDF)<\/a><br \/>\u00c9tude r\u00e9alis\u00e9e par les ing\u00e9nieurs commerciaux de l'Universit\u00e9 d'Anvers<\/li><\/ul>\t\t\t\t\t\t\t\t<\/div>\n\t\t\t\t<\/div>\n\t\t\t\t\t<\/div>\n\t\t<\/div>\n\t\t\t\t\t<\/div>\n\t\t<\/section>\n\t\t\t\t<\/div>","protected":false},"excerpt":{"rendered":"<p>Studies en enqu\u00eates Om het belang van de verschillende facetten van toegankelijkheid te duiden werken wij al sinds onze oprichting samen met verschillende universiteiten en hogescholen. Op deze pagina vindt u de weergave van de verschillende onderzoeksrapporten die in de voorbije jaren door studenten uit zeer diverse richtingen werden afgeleverd. Het spreekt voor zich dat [&hellip;]<\/p>\n","protected":false},"author":1,"featured_media":0,"parent":0,"menu_order":0,"comment_status":"closed","ping_status":"closed","template":"elementor_header_footer","meta":{"footnotes":""},"class_list":["post-2863","page","type-page","status-publish","hentry"],"_links":{"self":[{"href":"https:\/\/vzwtolbo.be\/fr\/wp-json\/wp\/v2\/pages\/2863","targetHints":{"allow":["GET"]}}],"collection":[{"href":"https:\/\/vzwtolbo.be\/fr\/wp-json\/wp\/v2\/pages"}],"about":[{"href":"https:\/\/vzwtolbo.be\/fr\/wp-json\/wp\/v2\/types\/page"}],"author":[{"embeddable":true,"href":"https:\/\/vzwtolbo.be\/fr\/wp-json\/wp\/v2\/users\/1"}],"replies":[{"embeddable":true,"href":"https:\/\/vzwtolbo.be\/fr\/wp-json\/wp\/v2\/comments?post=2863"}],"version-history":[{"count":13,"href":"https:\/\/vzwtolbo.be\/fr\/wp-json\/wp\/v2\/pages\/2863\/revisions"}],"predecessor-version":[{"id":6452,"href":"https:\/\/vzwtolbo.be\/fr\/wp-json\/wp\/v2\/pages\/2863\/revisions\/6452"}],"wp:attachment":[{"href":"https:\/\/vzwtolbo.be\/fr\/wp-json\/wp\/v2\/media?parent=2863"}],"curies":[{"name":"wp","href":"https:\/\/api.w.org\/{rel}","templated":true}]}}