{"id":2869,"date":"2021-04-12T13:59:00","date_gmt":"2021-04-12T13:59:00","guid":{"rendered":"http:\/\/vzwtolbo.be\/?page_id=2869"},"modified":"2025-12-11T09:49:06","modified_gmt":"2025-12-11T09:49:06","slug":"steun-ons","status":"publish","type":"page","link":"https:\/\/vzwtolbo.be\/fr\/steun-ons\/","title":{"rendered":"Steun Ons"},"content":{"rendered":"<div data-elementor-type=\"wp-page\" data-elementor-id=\"2869\" class=\"elementor elementor-2869\" data-elementor-post-type=\"page\">\n\t\t\t\t\t\t<section class=\"elementor-section elementor-top-section elementor-element elementor-element-43646e5 elementor-section-height-min-height elementor-section-boxed elementor-section-height-default elementor-section-items-middle\" data-id=\"43646e5\" data-element_type=\"section\" data-settings=\"{&quot;background_background&quot;:&quot;classic&quot;}\">\n\t\t\t\t\t\t<div class=\"elementor-container elementor-column-gap-wide\">\n\t\t\t\t\t<div class=\"elementor-column elementor-col-100 elementor-top-column elementor-element elementor-element-5362558\" data-id=\"5362558\" data-element_type=\"column\">\n\t\t\t<div class=\"elementor-widget-wrap elementor-element-populated\">\n\t\t\t\t\t\t<div class=\"elementor-element elementor-element-fde529d elementor-widget elementor-widget-heading\" data-id=\"fde529d\" data-element_type=\"widget\" data-widget_type=\"heading.default\">\n\t\t\t\t<div class=\"elementor-widget-container\">\n\t\t\t\t\t<h1 class=\"elementor-heading-title elementor-size-default\">SOUTIEN<\/h1>\t\t\t\t<\/div>\n\t\t\t\t<\/div>\n\t\t\t\t<div class=\"elementor-element elementor-element-f11b9cb elementor-widget elementor-widget-text-editor\" data-id=\"f11b9cb\" data-element_type=\"widget\" data-widget_type=\"text-editor.default\">\n\t\t\t\t<div class=\"elementor-widget-container\">\n\t\t\t\t\t\t\t\t\t<p>Veuillez trouver ci-dessous un aper\u00e7u des moyens de soutenir notre asbl.<\/p>\t\t\t\t\t\t\t\t<\/div>\n\t\t\t\t<\/div>\n\t\t\t\t\t<\/div>\n\t\t<\/div>\n\t\t\t\t\t<\/div>\n\t\t<\/section>\n\t\t\t\t<section class=\"elementor-section elementor-top-section elementor-element elementor-element-27cf757 elementor-section-boxed elementor-section-height-default elementor-section-height-default\" data-id=\"27cf757\" data-element_type=\"section\">\n\t\t\t\t\t\t<div class=\"elementor-container elementor-column-gap-wide\">\n\t\t\t\t\t<div class=\"elementor-column elementor-col-50 elementor-top-column elementor-element elementor-element-fbe8ed6\" data-id=\"fbe8ed6\" data-element_type=\"column\">\n\t\t\t<div class=\"elementor-widget-wrap elementor-element-populated\">\n\t\t\t\t\t\t<div class=\"elementor-element elementor-element-58fbff0 elementor-widget elementor-widget-image\" data-id=\"58fbff0\" data-element_type=\"widget\" data-widget_type=\"image.default\">\n\t\t\t\t<div class=\"elementor-widget-container\">\n\t\t\t\t\t\t\t\t\t\t\t\t\t\t\t<img decoding=\"async\" src=\"https:\/\/vzwtolbo.be\/wp-content\/uploads\/elementor\/thumbs\/logo-buffl-pe7gmbx2jqpuve3xht6i4dwcxgk8hcdcd9msw8myg8.jpg\" title=\"logo-buffl\" alt=\"logo-buffl\" loading=\"lazy\" \/>\t\t\t\t\t\t\t\t\t\t\t\t\t\t\t<\/div>\n\t\t\t\t<\/div>\n\t\t\t\t\t<\/div>\n\t\t<\/div>\n\t\t\t\t<div class=\"elementor-column elementor-col-50 elementor-top-column elementor-element elementor-element-603e918\" data-id=\"603e918\" data-element_type=\"column\">\n\t\t\t<div class=\"elementor-widget-wrap elementor-element-populated\">\n\t\t\t\t\t\t<div class=\"elementor-element elementor-element-51ba46d elementor-widget elementor-widget-heading\" data-id=\"51ba46d\" data-element_type=\"widget\" data-widget_type=\"heading.default\">\n\t\t\t\t<div class=\"elementor-widget-container\">\n\t\t\t\t\t<h2 class=\"elementor-heading-title elementor-size-default\">Buffl<\/h2>\t\t\t\t<\/div>\n\t\t\t\t<\/div>\n\t\t\t\t<div class=\"elementor-element elementor-element-e209c1a elementor-widget elementor-widget-text-editor\" data-id=\"e209c1a\" data-element_type=\"widget\" data-widget_type=\"text-editor.default\">\n\t\t\t\t<div class=\"elementor-widget-container translation-block\">Buffl est une <a href=\"https:\/\/buffl.be\/users\/register?referal=5e5910a1a4d47600472232a8\" target=\"_self\">application<\/a> qui vous permet de participer \u00e0 de courtes \u00e9tudes de march\u00e9. En remplissant des enqu\u00eates, vous obtenez des jetons virtuels que vous pouvez donner \u00e0 des organisations caritatives telles que TolBo. Les utilisateurs ont la possibilit\u00e9 de gagner un prix chaque mois.<\/div>\n\t\t\t\t<\/div>\n\t\t\t\t<div class=\"elementor-element elementor-element-73a1f98 elementor-widget__width-auto elementor-mobile-align-left elementor-align-left elementor-widget elementor-widget-button\" data-id=\"73a1f98\" data-element_type=\"widget\" data-widget_type=\"button.default\">\n\t\t\t\t<div class=\"elementor-widget-container\">\n\t\t\t\t\t\t\t\t\t<div class=\"elementor-button-wrapper\">\n\t\t\t\t\t<a class=\"elementor-button elementor-button-link elementor-size-md\" href=\"https:\/\/buffl.be\/users\/register?referal=5e5910a1a4d47600472232a8\" target=\"_blank\" rel=\"noopener\">\n\t\t\t\t\t\t<span class=\"elementor-button-content-wrapper\">\n\t\t\t\t\t\t<span class=\"elementor-button-icon\">\n\t\t\t\t<i aria-hidden=\"true\" class=\"fas fa-chevron-right\"><\/i>\t\t\t<\/span>\n\t\t\t\t\t\t\t\t\t<span class=\"elementor-button-text\">Visitez le site web<\/span>\n\t\t\t\t\t<\/span>\n\t\t\t\t\t<\/a>\n\t\t\t\t<\/div>\n\t\t\t\t\t\t\t\t<\/div>\n\t\t\t\t<\/div>\n\t\t\t\t\t<\/div>\n\t\t<\/div>\n\t\t\t\t\t<\/div>\n\t\t<\/section>\n\t\t\t\t<section class=\"elementor-section elementor-top-section elementor-element elementor-element-4e88354 elementor-section-boxed elementor-section-height-default elementor-section-height-default\" data-id=\"4e88354\" data-element_type=\"section\">\n\t\t\t\t\t\t<div class=\"elementor-container elementor-column-gap-wide\">\n\t\t\t\t\t<div class=\"elementor-column elementor-col-50 elementor-top-column elementor-element elementor-element-1c1de7b\" data-id=\"1c1de7b\" data-element_type=\"column\">\n\t\t\t<div class=\"elementor-widget-wrap elementor-element-populated\">\n\t\t\t\t\t\t<div class=\"elementor-element elementor-element-0ccf6cb elementor-widget elementor-widget-image\" data-id=\"0ccf6cb\" data-element_type=\"widget\" data-widget_type=\"image.default\">\n\t\t\t\t<div class=\"elementor-widget-container\">\n\t\t\t\t\t\t\t\t\t\t\t\t\t\t\t<img decoding=\"async\" width=\"140\" height=\"100\" src=\"https:\/\/vzwtolbo.be\/wp-content\/uploads\/2021\/04\/trooper_logo.png\" class=\"attachment-medium size-medium wp-image-3433\" alt=\"\" \/>\t\t\t\t\t\t\t\t\t\t\t\t\t\t\t<\/div>\n\t\t\t\t<\/div>\n\t\t\t\t\t<\/div>\n\t\t<\/div>\n\t\t\t\t<div class=\"elementor-column elementor-col-50 elementor-top-column elementor-element elementor-element-096e343\" data-id=\"096e343\" data-element_type=\"column\">\n\t\t\t<div class=\"elementor-widget-wrap elementor-element-populated\">\n\t\t\t\t\t\t<div class=\"elementor-element elementor-element-e7d6ebc elementor-widget elementor-widget-heading\" data-id=\"e7d6ebc\" data-element_type=\"widget\" data-widget_type=\"heading.default\">\n\t\t\t\t<div class=\"elementor-widget-container\">\n\t\t\t\t\t<h2 class=\"elementor-heading-title elementor-size-default\">Trooper<\/h2>\t\t\t\t<\/div>\n\t\t\t\t<\/div>\n\t\t\t\t<div class=\"elementor-element elementor-element-386357a elementor-widget elementor-widget-text-editor\" data-id=\"386357a\" data-element_type=\"widget\" data-widget_type=\"text-editor.default\">\n\t\t\t\t<div class=\"elementor-widget-container\">\n\t\t\t\t\t\t\t\t\t<p class=\"translation-block\">Vous pouvez soutenir l'asbl TolBo en effectuant vos achats en ligne sur notre page Trooper. Les plus de 250 partenaires affili\u00e9s \u00e0 Trooper reversent 5 pour cent du montant de vos achats \u00e0 TolBo, si vous vous rendez dans leur boutique en ligne par <a href=\"https:\/\/www.trooper.be\/nl\/trooperverenigingen\/vzwtolbo\" target=\"_self\">notre page<\/a>.<\/p>\t\t\t\t\t\t\t\t<\/div>\n\t\t\t\t<\/div>\n\t\t\t\t<div class=\"elementor-element elementor-element-9da2588 elementor-widget__width-auto elementor-mobile-align-left elementor-align-left elementor-widget elementor-widget-button\" data-id=\"9da2588\" data-element_type=\"widget\" data-widget_type=\"button.default\">\n\t\t\t\t<div class=\"elementor-widget-container\">\n\t\t\t\t\t\t\t\t\t<div class=\"elementor-button-wrapper\">\n\t\t\t\t\t<a class=\"elementor-button elementor-button-link elementor-size-md\" href=\"https:\/\/www.trooper.be\/nl\/trooperverenigingen\/vzwtolbo\" target=\"_blank\" rel=\"noopener\">\n\t\t\t\t\t\t<span class=\"elementor-button-content-wrapper\">\n\t\t\t\t\t\t<span class=\"elementor-button-icon\">\n\t\t\t\t<i aria-hidden=\"true\" class=\"fas fa-chevron-right\"><\/i>\t\t\t<\/span>\n\t\t\t\t\t\t\t\t\t<span class=\"elementor-button-text\">Visitez le site web<\/span>\n\t\t\t\t\t<\/span>\n\t\t\t\t\t<\/a>\n\t\t\t\t<\/div>\n\t\t\t\t\t\t\t\t<\/div>\n\t\t\t\t<\/div>\n\t\t\t\t\t<\/div>\n\t\t<\/div>\n\t\t\t\t\t<\/div>\n\t\t<\/section>\n\t\t\t\t<\/div>","protected":false},"excerpt":{"rendered":"<p>STEUN ONS Hier vindt u een overzicht van de manieren om onze vzw te steunen. Buffl Buffl is een applicatie waarmee u kunt deelnemen aan korte marktonderzoeken. Door enqu\u00eates in te vullen verzamelt u virtuele tokens, die u kunt schenken aan goede doelen zoals TolBo. Als gebruiker maakt u elke maand kans om een prijs [&hellip;]<\/p>\n","protected":false},"author":1,"featured_media":0,"parent":0,"menu_order":0,"comment_status":"closed","ping_status":"closed","template":"elementor_header_footer","meta":{"footnotes":""},"class_list":["post-2869","page","type-page","status-publish","hentry"],"_links":{"self":[{"href":"https:\/\/vzwtolbo.be\/fr\/wp-json\/wp\/v2\/pages\/2869","targetHints":{"allow":["GET"]}}],"collection":[{"href":"https:\/\/vzwtolbo.be\/fr\/wp-json\/wp\/v2\/pages"}],"about":[{"href":"https:\/\/vzwtolbo.be\/fr\/wp-json\/wp\/v2\/types\/page"}],"author":[{"embeddable":true,"href":"https:\/\/vzwtolbo.be\/fr\/wp-json\/wp\/v2\/users\/1"}],"replies":[{"embeddable":true,"href":"https:\/\/vzwtolbo.be\/fr\/wp-json\/wp\/v2\/comments?post=2869"}],"version-history":[{"count":3,"href":"https:\/\/vzwtolbo.be\/fr\/wp-json\/wp\/v2\/pages\/2869\/revisions"}],"predecessor-version":[{"id":7203,"href":"https:\/\/vzwtolbo.be\/fr\/wp-json\/wp\/v2\/pages\/2869\/revisions\/7203"}],"wp:attachment":[{"href":"https:\/\/vzwtolbo.be\/fr\/wp-json\/wp\/v2\/media?parent=2869"}],"curies":[{"name":"wp","href":"https:\/\/api.w.org\/{rel}","templated":true}]}}